{"id":218,"date":"2022-03-24T10:47:03","date_gmt":"2022-03-24T09:47:03","guid":{"rendered":"http:\/\/localhost\/chipslucien\/cookies\/"},"modified":"2022-04-27T09:06:17","modified_gmt":"2022-04-27T07:06:17","slug":"cookies","status":"publish","type":"page","link":"https:\/\/www.lucien.be\/en\/cookies\/","title":{"rendered":"Cookies"},"content":{"rendered":"\n<h2 class=\"wp-block-heading\">Que sont les cookies?<\/h2>\n\n<p>Le cookie contient un code unique permettant de reconna\u00eetre votre navigateur lors de votre visite sur le site web (&#8220;cookie de session&#8221;) ou lors de futures visites r\u00e9p\u00e9t\u00e9es (&#8220;cookie permanent&#8221;). Les cookies peuvent \u00eatre plac\u00e9s par le serveur du site web que vous visitez ou par des partenaires avec lesquels ce site web collabore. Le serveur d&#8217;un site web peut uniquement lire les cookies qu&#8217;il a lui-m\u00eame plac\u00e9s ; il n&#8217;a acc\u00e8s \u00e0 aucune autre information se trouvant sur votre ordinateur ou sur votre appareil mobile. Les cookies sont stock\u00e9s sur votre ordinateur ou appareil mobile dans le r\u00e9pertoire de votre navigateur. Le contenu d&#8217;un cookie se compose en g\u00e9n\u00e9ral du nom du serveur qui a plac\u00e9 le cookie, d&#8217;une date d&#8217;expiration et d&#8217;un code chiffr\u00e9 unique.<\/p>\n\n<p>Les cookies sont de petits fichiers que les sites Web mettent sur le disque dur de votre ordinateur lors de votre premi\u00e8re visite.<\/p>\n\n<p><strong>Important :<\/strong><strong> les cookies sont totalement inoffensifs. Ils n\u2019effacent aucune donn\u00e9e de votre ordinateur, n\u2019alt\u00e8rent aucun fichier ou programme et ne peuvent contenir aucun virus.<\/strong><\/p>\n\n<h2 class=\"wp-block-heading\">\u00c0 quoi servent les cookies ?<\/h2>\n\n<p>Gr\u00e2ce \u00e0 un cookie, notre site internet peut vous reconna\u00eetre tout en pr\u00e9servant votre anonymat. Le site internet prend connaissance de vos pr\u00e9f\u00e9rences et s\u2019adapte automatiquement \u00e0 vos souhaits. Mais ces informations ne sont aucunement li\u00e9es \u00e0 votre nom ou identit\u00e9. Ainsi, par exemple, ces cookies vous permettent de surfer directement dans votre langue, vous \u00e9vitent de devoir \u00e0 chaque fois compl\u00e9ter vos donn\u00e9es de connexion. En clair, ils rendent l\u2019utilisation de ce site internet beaucoup plus rapide et agr\u00e9able.<\/p>\n\n<p>Les cookies peuvent vous aider \u00e0 \u00eatre plus efficace. Avez-vous d\u00e9j\u00e0 mis un article dans un panier virtuel sur une boutique en ligne et y \u00eates-vous retourn\u00e9 quelques jours plus tard et avez-vous vu que votre article s&#8217;y trouve toujours ? C&#8217;est un exemple du travail des cookies.<\/p>\n\n<p>Les cookies peuvent \u00e9galement \u00eatre utilis\u00e9s pour rendre le contenu d&#8217;un site web ou la publicit\u00e9 pr\u00e9sente sur ce site plus pertinents pour le visiteur et adapter le site web aux go\u00fbts personnels et aux besoins du visiteur.<\/p>\n\n<h2 class=\"wp-block-heading\">Quels sont les types de cookies utilis\u00e9s ?<\/h2>\n\n<p>Nous utilisons diff\u00e9rents types de cookies sur ce site web.<\/p>\n\n<p><strong>Votre consentement<\/strong>: Autoriser tous les cookies (Pr\u00e9f\u00e9rences, Statistiques, Marketing).<\/p>\n\n<h2 class=\"wp-block-heading\">Cookies indispensables<\/h2>\n\n<p>Ces cookies sont requis pour permettre la visite de notre site web et l&#8217;utilisation de certaines parties de celui-ci.<\/p>\n\n<h3 class=\"wp-block-heading\">__RequestVerificationToken<\/h3>\n\n<p>Stockage d\u2019un jeton anti-falsification (pr\u00e9vention de l&#8217;attaque CSRF).<\/p>\n\n<p>Ce cookie est une mesure de s\u00e9curit\u00e9 destin\u00e9e \u00e0 prot\u00e9ger notre site des envois de donn\u00e9es non autoris\u00e9s via les formulaires.<\/p>\n\n<p><strong>Session.<\/strong> Le cookie expire automatiquement \u00e0 la fermeture du navigateur.<\/p>\n\n<h3 class=\"wp-block-heading\">Cookies de performance<\/h3>\n\n<p>Nous utilisons des cookies de performance afin de collecter des informations sur l&#8217;utilisation faite de notre site web par les visiteurs, dans le but d&#8217;en am\u00e9liorer le contenu, de mieux les adapter aux souhaits des visiteurs et d&#8217;en augmenter la convivialit\u00e9. Pour les analyses de l&#8217;utilisation de notre site web, nous faisons \u00e9galement appel \u00e0 Google Analytics (<a href=\"https:\/\/developers.google.com\/analytics\/devguides\/collection\/gajs\/cookie-usage\" target=\"_blank\" rel=\"noreferrer noopener\">info<\/a>) et Hotjar (<a href=\"https:\/\/www.hotjar.com\/cookies\" target=\"_blank\" rel=\"noreferrer noopener\">info<\/a>), qui utilisent aussi pour ce faire des cookies.<\/p>\n\n<h3 class=\"wp-block-heading\">Cookies commerciaux<\/h3>\n\n<p>Ce site web utilise des cookies qui, en fonction des pages que vous visitez, tiennent \u00e0 jour les produits ou services susceptibles de vous int\u00e9resser. Gr\u00e2ce \u00e0 ces cookies et aux moyens du r\u00e9seau publicitaire de Google (Google AdWords, Google Analytics, le r\u00e9seau Google Display et DoubleClick) et de Facebook (Facebook, Instagram), nous sommes en mesure de vous pr\u00e9senter des annonces publicitaires pour des produits et services relevant de vos centres d\u2019int\u00e9r\u00eat sur d&#8217;autres sites web faisant partie de ces r\u00e9seaux publicitaires. Cette technique est appel\u00e9e &#8220;remarketing&#8221;. Ces cookies ne contiennent aucune donn\u00e9e personnelle.<\/p>\n\n<h2 class=\"wp-block-heading\">Comment refuser ou supprimer des cookies ?<\/h2>\n\n<p>Dans les param\u00e8tres de votre navigateur, vous avez la possibilit\u00e9 de refuser l&#8217;installation des cookies. Vous pouvez \u00e0 tout moment supprimer les cookies d\u00e9j\u00e0 install\u00e9s sur votre ordinateur ou sur votre terminal mobile. Voyez comment activer, d\u00e9sactiver ou supprimer les cookies.<\/p>\n\n<p>Si vous souhaitez refuser ces cookies commerciaux (entre autre Google, Criteo ou Facebook), vous pouvez le faire \u00e0 l&#8217;aide du site web ci-apr\u00e8s : <a href=\"http:\/\/www.youronlinechoices.com\/\" target=\"_blank\" rel=\"noreferrer noopener\">http:\/\/www.youronlinechoices.com\/<\/a><\/p>\n\n<p>Si vous ne souhaitez pas recevoir de publicit\u00e9 sur la base de vos habitudes de navigation et des cookies de remarketing, comme ceux de Google, vous pouvez modifier les param\u00e8tres du <a href=\"https:\/\/www.google.com\/settings\/ads\/onweb\/\" target=\"_blank\" rel=\"noreferrer noopener\">Google Ads Preferences Manager<\/a>. Google recommande \u00e9galement l&#8217;installation du module de d\u00e9sactivation pour navigateur de Google Analytics (Google Analytics Opt-out Browser Add-on).<\/p>\n\n<p>Pour en savoir plus sur les cookies, ou sur la fa\u00e7on de les g\u00e9rer \/ de les supprimer, offrez-vous une visite d\u00e9taill\u00e9e sur le site <a href=\"https:\/\/www.aboutcookies.org\/\" target=\"_blank\" rel=\"noreferrer noopener\">www.aboutcookies.org<\/a>.<\/p>\n\n<h2 class=\"wp-block-heading\">Modifications<\/h2>\n\n<p>Nous nous r\u00e9servons le droit de modifier unilat\u00e9ralement la politique en mati\u00e8re des cookies. Les modifications seront communiqu\u00e9es sur ce site web. Si, apr\u00e8s l&#8217;adaptation, vous continuez \u00e0 utiliser ce site web, la politique adapt\u00e9e en mati\u00e8re des cookies sera applicable.<\/p>\n\n<p>Voir \u00e9galement notre page sur les <a href=\"https:\/\/www.leschipsdelucien.be\/fr\/privacy\">principes relatifs \u00e0 la collecte de donn\u00e9es \u00e0 caract\u00e8re personnel<\/a>.<\/p>\n","protected":false},"excerpt":{"rendered":"<p>Que sont les cookies? Le cookie contient un code unique permettant de reconna\u00eetre votre navigateur lors de votre visite sur le site web (&#8220;cookie de session&#8221;) ou lors de futures visites r\u00e9p\u00e9t\u00e9es (&#8220;cookie permanent&#8221;). Les cookies peuvent \u00eatre plac\u00e9s par le serveur du site web que vous visitez ou par des partenaires avec lesquels ce &hellip; <a href=\"https:\/\/www.lucien.be\/en\/cookies\/\">Continued<\/a><\/p>\n","protected":false},"author":1,"featured_media":0,"parent":0,"menu_order":0,"comment_status":"closed","ping_status":"closed","template":"","meta":{"_acf_changed":false,"footnotes":""},"class_list":["post-218","page","type-page","status-publish","hentry"],"acf":[],"yoast_head":"<!-- This site is optimized with the Yoast SEO plugin v27.4 - https:\/\/yoast.com\/product\/yoast-seo-wordpress\/ -->\n<title>Cookies - Lucien<\/title>\n<meta name=\"robots\" content=\"index, follow, max-snippet:-1, max-image-preview:large, max-video-preview:-1\" \/>\n<link rel=\"canonical\" href=\"https:\/\/www.lucien.be\/en\/cookies\/\" \/>\n<meta property=\"og:locale\" content=\"en_US\" \/>\n<meta property=\"og:type\" content=\"article\" \/>\n<meta property=\"og:title\" content=\"Cookies - Lucien\" \/>\n<meta property=\"og:description\" content=\"Que sont les cookies? Le cookie contient un code unique permettant de reconna\u00eetre votre navigateur lors de votre visite sur le site web (&#8220;cookie de session&#8221;) ou lors de futures visites r\u00e9p\u00e9t\u00e9es (&#8220;cookie permanent&#8221;). Les cookies peuvent \u00eatre plac\u00e9s par le serveur du site web que vous visitez ou par des partenaires avec lesquels ce &hellip; Continued\" \/>\n<meta property=\"og:url\" content=\"https:\/\/www.lucien.be\/en\/cookies\/\" \/>\n<meta property=\"og:site_name\" content=\"Lucien\" \/>\n<meta property=\"article:publisher\" content=\"https:\/\/www.facebook.com\/leschipsdelucien\/\" \/>\n<meta property=\"article:modified_time\" content=\"2022-04-27T07:06:17+00:00\" \/>\n<meta property=\"og:image\" content=\"https:\/\/www.lucien.be\/wp-content\/uploads\/2021\/11\/les-chips-de-lucien-team-scaled.jpg\" \/>\n\t<meta property=\"og:image:width\" content=\"2560\" \/>\n\t<meta property=\"og:image:height\" content=\"1333\" \/>\n\t<meta property=\"og:image:type\" content=\"image\/jpeg\" \/>\n<meta name=\"twitter:card\" content=\"summary_large_image\" \/>\n<meta name=\"twitter:label1\" content=\"Est. reading time\" \/>\n\t<meta name=\"twitter:data1\" content=\"4 minutes\" \/>\n<script type=\"application\/ld+json\" class=\"yoast-schema-graph\">{\"@context\":\"https:\\\/\\\/schema.org\",\"@graph\":[{\"@type\":\"WebPage\",\"@id\":\"https:\\\/\\\/www.lucien.be\\\/en\\\/cookies\\\/\",\"url\":\"https:\\\/\\\/www.lucien.be\\\/en\\\/cookies\\\/\",\"name\":\"Cookies - Lucien\",\"isPartOf\":{\"@id\":\"https:\\\/\\\/www.lucien.be\\\/en\\\/#website\"},\"datePublished\":\"2022-03-24T09:47:03+00:00\",\"dateModified\":\"2022-04-27T07:06:17+00:00\",\"breadcrumb\":{\"@id\":\"https:\\\/\\\/www.lucien.be\\\/en\\\/cookies\\\/#breadcrumb\"},\"inLanguage\":\"en-US\",\"potentialAction\":[{\"@type\":\"ReadAction\",\"target\":[\"https:\\\/\\\/www.lucien.be\\\/en\\\/cookies\\\/\"]}]},{\"@type\":\"BreadcrumbList\",\"@id\":\"https:\\\/\\\/www.lucien.be\\\/en\\\/cookies\\\/#breadcrumb\",\"itemListElement\":[{\"@type\":\"ListItem\",\"position\":1,\"name\":\"Accueil\",\"item\":\"https:\\\/\\\/www.lucien.be\\\/en\\\/\"},{\"@type\":\"ListItem\",\"position\":2,\"name\":\"Cookies\"}]},{\"@type\":\"WebSite\",\"@id\":\"https:\\\/\\\/www.lucien.be\\\/en\\\/#website\",\"url\":\"https:\\\/\\\/www.lucien.be\\\/en\\\/\",\"name\":\"Lucien\",\"description\":\"Une chips belge, artisanale et familiale\",\"publisher\":{\"@id\":\"https:\\\/\\\/www.lucien.be\\\/en\\\/#organization\"},\"potentialAction\":[{\"@type\":\"SearchAction\",\"target\":{\"@type\":\"EntryPoint\",\"urlTemplate\":\"https:\\\/\\\/www.lucien.be\\\/en\\\/?s={search_term_string}\"},\"query-input\":{\"@type\":\"PropertyValueSpecification\",\"valueRequired\":true,\"valueName\":\"search_term_string\"}}],\"inLanguage\":\"en-US\"},{\"@type\":\"Organization\",\"@id\":\"https:\\\/\\\/www.lucien.be\\\/en\\\/#organization\",\"name\":\"Lucien\",\"url\":\"https:\\\/\\\/www.lucien.be\\\/en\\\/\",\"logo\":{\"@type\":\"ImageObject\",\"inLanguage\":\"en-US\",\"@id\":\"https:\\\/\\\/www.lucien.be\\\/en\\\/#\\\/schema\\\/logo\\\/image\\\/\",\"url\":\"https:\\\/\\\/www.lucien.be\\\/wp-content\\\/uploads\\\/2023\\\/01\\\/Logo-Lucien-NEW-PourSiteWeb.png\",\"contentUrl\":\"https:\\\/\\\/www.lucien.be\\\/wp-content\\\/uploads\\\/2023\\\/01\\\/Logo-Lucien-NEW-PourSiteWeb.png\",\"width\":1080,\"height\":1080,\"caption\":\"Lucien\"},\"image\":{\"@id\":\"https:\\\/\\\/www.lucien.be\\\/en\\\/#\\\/schema\\\/logo\\\/image\\\/\"},\"sameAs\":[\"https:\\\/\\\/www.facebook.com\\\/leschipsdelucien\\\/\",\"https:\\\/\\\/www.instagram.com\\\/leschipsdelucien\"]}]}<\/script>\n<!-- \/ Yoast SEO plugin. -->","yoast_head_json":{"title":"Cookies - Lucien","robots":{"index":"index","follow":"follow","max-snippet":"max-snippet:-1","max-image-preview":"max-image-preview:large","max-video-preview":"max-video-preview:-1"},"canonical":"https:\/\/www.lucien.be\/en\/cookies\/","og_locale":"en_US","og_type":"article","og_title":"Cookies - Lucien","og_description":"Que sont les cookies? Le cookie contient un code unique permettant de reconna\u00eetre votre navigateur lors de votre visite sur le site web (&#8220;cookie de session&#8221;) ou lors de futures visites r\u00e9p\u00e9t\u00e9es (&#8220;cookie permanent&#8221;). Les cookies peuvent \u00eatre plac\u00e9s par le serveur du site web que vous visitez ou par des partenaires avec lesquels ce &hellip; Continued","og_url":"https:\/\/www.lucien.be\/en\/cookies\/","og_site_name":"Lucien","article_publisher":"https:\/\/www.facebook.com\/leschipsdelucien\/","article_modified_time":"2022-04-27T07:06:17+00:00","og_image":[{"width":2560,"height":1333,"url":"https:\/\/www.lucien.be\/wp-content\/uploads\/2021\/11\/les-chips-de-lucien-team-scaled.jpg","type":"image\/jpeg"}],"twitter_card":"summary_large_image","twitter_misc":{"Est. reading time":"4 minutes"},"schema":{"@context":"https:\/\/schema.org","@graph":[{"@type":"WebPage","@id":"https:\/\/www.lucien.be\/en\/cookies\/","url":"https:\/\/www.lucien.be\/en\/cookies\/","name":"Cookies - Lucien","isPartOf":{"@id":"https:\/\/www.lucien.be\/en\/#website"},"datePublished":"2022-03-24T09:47:03+00:00","dateModified":"2022-04-27T07:06:17+00:00","breadcrumb":{"@id":"https:\/\/www.lucien.be\/en\/cookies\/#breadcrumb"},"inLanguage":"en-US","potentialAction":[{"@type":"ReadAction","target":["https:\/\/www.lucien.be\/en\/cookies\/"]}]},{"@type":"BreadcrumbList","@id":"https:\/\/www.lucien.be\/en\/cookies\/#breadcrumb","itemListElement":[{"@type":"ListItem","position":1,"name":"Accueil","item":"https:\/\/www.lucien.be\/en\/"},{"@type":"ListItem","position":2,"name":"Cookies"}]},{"@type":"WebSite","@id":"https:\/\/www.lucien.be\/en\/#website","url":"https:\/\/www.lucien.be\/en\/","name":"Lucien","description":"Une chips belge, artisanale et familiale","publisher":{"@id":"https:\/\/www.lucien.be\/en\/#organization"},"potentialAction":[{"@type":"SearchAction","target":{"@type":"EntryPoint","urlTemplate":"https:\/\/www.lucien.be\/en\/?s={search_term_string}"},"query-input":{"@type":"PropertyValueSpecification","valueRequired":true,"valueName":"search_term_string"}}],"inLanguage":"en-US"},{"@type":"Organization","@id":"https:\/\/www.lucien.be\/en\/#organization","name":"Lucien","url":"https:\/\/www.lucien.be\/en\/","logo":{"@type":"ImageObject","inLanguage":"en-US","@id":"https:\/\/www.lucien.be\/en\/#\/schema\/logo\/image\/","url":"https:\/\/www.lucien.be\/wp-content\/uploads\/2023\/01\/Logo-Lucien-NEW-PourSiteWeb.png","contentUrl":"https:\/\/www.lucien.be\/wp-content\/uploads\/2023\/01\/Logo-Lucien-NEW-PourSiteWeb.png","width":1080,"height":1080,"caption":"Lucien"},"image":{"@id":"https:\/\/www.lucien.be\/en\/#\/schema\/logo\/image\/"},"sameAs":["https:\/\/www.facebook.com\/leschipsdelucien\/","https:\/\/www.instagram.com\/leschipsdelucien"]}]}},"_links":{"self":[{"href":"https:\/\/www.lucien.be\/en\/wp-json\/wp\/v2\/pages\/218","targetHints":{"allow":["GET"]}}],"collection":[{"href":"https:\/\/www.lucien.be\/en\/wp-json\/wp\/v2\/pages"}],"about":[{"href":"https:\/\/www.lucien.be\/en\/wp-json\/wp\/v2\/types\/page"}],"author":[{"embeddable":true,"href":"https:\/\/www.lucien.be\/en\/wp-json\/wp\/v2\/users\/1"}],"replies":[{"embeddable":true,"href":"https:\/\/www.lucien.be\/en\/wp-json\/wp\/v2\/comments?post=218"}],"version-history":[{"count":3,"href":"https:\/\/www.lucien.be\/en\/wp-json\/wp\/v2\/pages\/218\/revisions"}],"predecessor-version":[{"id":374,"href":"https:\/\/www.lucien.be\/en\/wp-json\/wp\/v2\/pages\/218\/revisions\/374"}],"wp:attachment":[{"href":"https:\/\/www.lucien.be\/en\/wp-json\/wp\/v2\/media?parent=218"}],"curies":[{"name":"wp","href":"https:\/\/api.w.org\/{rel}","templated":true}]}}