{"id":215,"date":"2022-03-24T10:44:56","date_gmt":"2022-03-24T09:44:56","guid":{"rendered":"http:\/\/localhost\/chipslucien\/privacy\/"},"modified":"2022-03-24T10:45:17","modified_gmt":"2022-03-24T09:45:17","slug":"privacy","status":"publish","type":"page","link":"https:\/\/www.lucien.be\/en\/privacy\/","title":{"rendered":"Privacy"},"content":{"rendered":"\n<p>La soci\u00e9t\u00e9 Les chips de Lucien (ci-apr\u00e8s d\u00e9nomm\u00e9e \u00ab Les chips de Lucien \u00bb, \u00ab nous \u00bb ou \u00ab notre \u00bb) attache une grande importance \u00e0 la protection et au respect de votre vie priv\u00e9e. La pr\u00e9sente politique vise \u00e0 vous informer sur nos pratiques concernant la collecte, l\u2019utilisation et le partage des informations que vous \u00eates amen\u00e9s \u00e0 nous fournir par le biais de notre site Internet <a href=\"https:\/\/www.leschipsdelucien.be\">Les chips de Lucien<\/a> (ci-apr\u00e8s d\u00e9nomm\u00e9 le \u00ab Site Internet \u00bb).<\/p>\n\n<p>Cette politique (ainsi que nos Conditions g\u00e9n\u00e9rales de vente et tout document auquel il y est fait r\u00e9f\u00e9rence ainsi que notre <a href=\"https:\/\/www.leschipsdelucien.be\/fr\/cookie-policy\">Politiques relative aux cookies<\/a>) pr\u00e9sente la mani\u00e8re dont nous traitons les donn\u00e9es personnelles que nous recueillons et que vous nous fournissez. Nous vous invitons \u00e0 lire attentivement le pr\u00e9sent document pour conna\u00eetre et comprendre nos pratiques quant aux traitements de vos donn\u00e9es personnelles que nous mettons en \u0153uvre.<\/p>\n\n<p>En utilisant le Site Internet de Les chips de Lucien, le visiteur accepte implicitement la pr\u00e9sente Politique de Confidentialit\u00e9.<\/p>\n\n<h2 class=\"wp-block-heading\">1. Quelles donn\u00e9es personnelles recueillons-nous ?<\/h2>\n\n<p>Vos donn\u00e9es \u00e0 caract\u00e8re personnel (ci-apr\u00e8s \u00ab donn\u00e9es personnelles \u00bb) sont des donn\u00e9es permettant de vous identifier soit directement (des donn\u00e9es telles que votre nom et pr\u00e9nom permettent votre identification imm\u00e9diate), soit indirectement (des donn\u00e9es telles que votre code postal, votre num\u00e9ro de t\u00e9l\u00e9phone ou votre num\u00e9ro de contrat permettent votre identification de mani\u00e8re indirecte).<\/p>\n\n<p>Lors de nos interactions avec vous, nous pouvons \u00eatre amen\u00e9s \u00e0 collecter diff\u00e9rentes donn\u00e9es :<\/p>\n\n<ul class=\"wp-block-list\"><li>donn\u00e9es d\u2019identification (nom, pr\u00e9nom, adresse, num\u00e9ro de t\u00e9l\u00e9phone, adresse e-mail\u2026) ;<\/li><li>donn\u00e9es d\u00e9mographiques (telles que le sexe, la langue, l\u2019\u00e2ge) ;<\/li><li>donn\u00e9es professionnelles ;<\/li><li>donn\u00e9es de g\u00e9olocalisation, notamment votre adresse IP ;<\/li><li>informations relatives \u00e0 la navigation et au comportement sur notre site internet.<\/li><\/ul>\n<h2 class=\"wp-block-heading\">2. Quand recueillons-nous vos donn\u00e9es personnelles et pour quelle utilisation ?<\/h2>\n\n<h3 class=\"wp-block-heading\">2.1. Lorsque vous soumettez une demande de contact via notre Site Internet<\/h3>\n\n<p>Lorsque vous soumettez une demande de contact via notre Site Internet, nous vous demandons votre nom, pr\u00e9nom, nom de votre entreprise, adresse email, num\u00e9ro de t\u00e9l\u00e9phone.<\/p>\n\n<p>Nous utilisons ces informations afin de r\u00e9pondre \u00e0 votre demande de renseignement, y compris vous fournir toutes les informations demand\u00e9es sur nos produits et services. Nous pouvons \u00e9galement vous contacter plusieurs fois apr\u00e8s votre demande de contact afin de faire le suivi de votre demande de renseignements. Nous le ferons en fonction de notre int\u00e9r\u00eat l\u00e9gitime \u00e0 fournir des informations exactes avant et apr\u00e8s une vente ou une demande de renseignement ou de contact.<\/p>\n\n<p>Nous gardons les emails de demande de contact pendant une dur\u00e9e de deux (2) ans, apr\u00e8s quoi ces emails sont d\u00e9finitivement supprim\u00e9s.<\/p>\n\n<h3 class=\"wp-block-heading\">2.2. Lorsque vous vous inscrivez pour recevoir notre Newsletter<\/h3>\n\n<p>Lorsque vous vous inscrivez pour recevoir notre Newsletter, nous vous demandons votre nom et adresse e-mail.<\/p>\n\n<p>Par l\u2019inscription \u00e0 notre newsletter, vous nous donnez votre consentement afin de recevoir des informations sur nos produits, services et autres informations qui, selon nous, pourraient vous int\u00e9resser.<\/p>\n\n<p>Vous pouvez retirer votre consentement \u00e0 tout moment et nous cesserons de vous envoyer notre newsletter.<\/p>\n\n<p>Vos informations sont conserv\u00e9es aussi longtemps que vous continuez \u00e0 consentir \u00e0 recevoir notre newsletter.<\/p>\n\n<h3 class=\"wp-block-heading\">2.3. Lors de la navigation sur notre Site Internet<\/h3>\n\n<p>Lorsque vous visitez notre Site Internet, des logs serveur sont stock\u00e9s. Le stockage de ces logs est l\u00e9gal si l\u2019utilisateur est bien inform\u00e9 de la mise en place du syst\u00e8me de journalisation et que les donn\u00e9es conserv\u00e9es ne sont utilis\u00e9es que pour garantir la s\u00e9curit\u00e9 du syst\u00e8me et la d\u00e9tection d\u2019anomalies.<\/p>\n\n<h2 class=\"wp-block-heading\">3. \u00c0 qui divulguons-nous vos donn\u00e9es personnelles ?<\/h2>\n\n<p>Vos donn\u00e9es personnelles ne seront pas transmises \u00e0 des tierces parties, \u00e0 moins que ces derni\u00e8res soient li\u00e9es contractuellement \u00e0 Les chips de Lucien ou agissent \u00e0 la demande ou en sous-traitance de Les chips de Lucien. Leur acc\u00e8s est limit\u00e9 aux donn\u00e9es dont elles ont besoin pour ex\u00e9cuter leur t\u00e2che. Les chips de Lucien demande toujours \u00e0 ses sous-traitants les mesures de protection organisationnelles et techniques requises en mati\u00e8re de donn\u00e9es personnelles ainsi que de garantie de leur stricte confidentialit\u00e9.<\/p>\n\n<h2 class=\"wp-block-heading\">4. Vos donn\u00e9es sont-elles transf\u00e9r\u00e9es, comment et o\u00f9 ?<\/h2>\n\n<p>En r\u00e8gle g\u00e9n\u00e9rale, nous conservons vos donn\u00e9es personnelles au sein de l\u2019Union Europ\u00e9enne. Cependant, dans la mesure o\u00f9, par exemple, certains de nos prestataires de service sont situ\u00e9s dans des pays en dehors de l\u2019Union Europ\u00e9enne (\u00ab Pays Tiers \u00bb), nous transf\u00e9rons certaines de vos donn\u00e9es personnelles dans des Pays Tiers. Cela peut notamment \u00eatre le cas vers des Pays Tiers pour lesquels la Commission Europ\u00e9enne n\u2019a pas pris une d\u00e9cision de \u00ab protection ad\u00e9quate \u00bb. Dans un tel cas, nous nous assurons que ce transfert soit effectu\u00e9 en conformit\u00e9 avec la r\u00e9glementation applicable et garantisse un niveau de protection un niveau de protection suffisant de la vie priv\u00e9e et des droits fondamentaux des personnes (notamment par les clauses contractuelles types de la Commission Europ\u00e9enne).<\/p>\n\n<h2 class=\"wp-block-heading\">5. Vos droits<\/h2>\n\n<p>Vous jouissez d\u2019un certain nombre de droits concernant vos donn\u00e9es personnelles et leur traitement. Vous avez droit :<\/p>\n\n<ul class=\"wp-block-list\"><li>Droit d\u2019acc\u00e8s<\/li><li>Droit \u00e0 la rectification<\/li><li>Droit d\u2019effacement (droit \u00e0 l\u2019oubli)<\/li><li>Droit \u00e0 la limitation<\/li><li>Droit \u00e0 la portabilit\u00e9<\/li><\/ul>\n<h2 class=\"wp-block-heading\">6. Cookies et technologies semblables<\/h2>\n\n<p>Pour en savoir plus, consultez notre <a href=\"https:\/\/www.leschipsdelucien.be\/fr\/cookie-policy\">Politiques relative aux cookies<\/a>.<\/p>\n\n<h2 class=\"wp-block-heading\">7. Liens vers d\u2019autres sites internet et r\u00e9seaux sociaux<\/h2>\n\n<p>Notre Site Internet peut occasionnellement contenir des liens vers les sites internet de nos partenaires ou de soci\u00e9t\u00e9s tierces. Veuillez noter que ces sites internet ont leur propre politique de confidentialit\u00e9 et que nous d\u00e9clinons toute responsabilit\u00e9 quant \u00e0 l\u2019utilisation faite par ces sites des informations collect\u00e9es lorsque vous cliquez sur ces liens. Nous vous invitons \u00e0 prendre connaissance de politiques de confidentialit\u00e9 de ces sites avant de leur transmettre vos donn\u00e9es personnelles.<\/p>\n\n<h2 class=\"wp-block-heading\">8. Modification de notre Politique de confidentialit\u00e9<\/h2>\n\n<p>Nous pouvons \u00eatre amen\u00e9s \u00e0 effectuer occasionnellement des modifications et des corrections \u00e0 cette Politique de confidentialit\u00e9. Si nous estimons que ces changements sont notables, nous vous en informerons par l\u2019un (ou plusieurs) des moyens suivants : (1) en affichant les modifications sur ce site, ou (2) en vous envoyant un courrier \u00e9lectronique ou un message concernant ces modifications. Nous vous donnerons \u00e9galement la possibilit\u00e9 de donner votre accord sur ces changements notables. Les changements seront effectifs \u00e0 partir du moment o\u00f9 ils sont communiqu\u00e9s et que vous les avez accept\u00e9s, cette autorisation pouvant \u00eatre donn\u00e9e par le fait que vous continuez \u00e0 utiliser le site apr\u00e8s que les changements aient pris effet.<\/p>\n\n<h2 class=\"wp-block-heading\">9. Contact<\/h2>\n\n<p>Pour toute question relative \u00e0 la pr\u00e9sente politique de confidentialit\u00e9 ou pour toute demande relative \u00e0 vos donn\u00e9es personnelles, vous pouvez nous contacter en :<\/p>\n\n<ul class=\"wp-block-list\"><li>adressant un email \u00e0 <a href=\"mailto:info@leschipsdelucien.be\">info@leschipsdelucien.be<\/a><\/li><li>en remplissant ce <a href=\"https:\/\/www.leschipsdelucien.be\/fr\/contact\">formulaire en ligne<\/a><\/li><\/ul>\n<p><strong>Version mise \u00e0 jour le 24 mai 2018<\/strong><\/p>\n","protected":false},"excerpt":{"rendered":"<p>La soci\u00e9t\u00e9 Les chips de Lucien (ci-apr\u00e8s d\u00e9nomm\u00e9e \u00ab Les chips de Lucien \u00bb, \u00ab nous \u00bb ou \u00ab notre \u00bb) attache une grande importance \u00e0 la protection et au respect de votre vie priv\u00e9e. La pr\u00e9sente politique vise \u00e0 vous informer sur nos pratiques concernant la collecte, l\u2019utilisation et le partage des informations que &hellip; <a href=\"https:\/\/www.lucien.be\/en\/privacy\/\">Continued<\/a><\/p>\n","protected":false},"author":1,"featured_media":0,"parent":0,"menu_order":0,"comment_status":"closed","ping_status":"open","template":"","meta":{"_acf_changed":false,"footnotes":""},"class_list":["post-215","page","type-page","status-publish","hentry"],"acf":[],"yoast_head":"<!-- This site is optimized with the Yoast SEO plugin v27.4 - https:\/\/yoast.com\/product\/yoast-seo-wordpress\/ -->\n<title>Privacy - Lucien<\/title>\n<meta name=\"robots\" content=\"index, follow, max-snippet:-1, max-image-preview:large, max-video-preview:-1\" \/>\n<link rel=\"canonical\" href=\"https:\/\/www.lucien.be\/en\/privacy\/\" \/>\n<meta property=\"og:locale\" content=\"en_US\" \/>\n<meta property=\"og:type\" content=\"article\" \/>\n<meta property=\"og:title\" content=\"Privacy - Lucien\" \/>\n<meta property=\"og:description\" content=\"La soci\u00e9t\u00e9 Les chips de Lucien (ci-apr\u00e8s d\u00e9nomm\u00e9e \u00ab Les chips de Lucien \u00bb, \u00ab nous \u00bb ou \u00ab notre \u00bb) attache une grande importance \u00e0 la protection et au respect de votre vie priv\u00e9e. La pr\u00e9sente politique vise \u00e0 vous informer sur nos pratiques concernant la collecte, l\u2019utilisation et le partage des informations que &hellip; Continued\" \/>\n<meta property=\"og:url\" content=\"https:\/\/www.lucien.be\/en\/privacy\/\" \/>\n<meta property=\"og:site_name\" content=\"Lucien\" \/>\n<meta property=\"article:publisher\" content=\"https:\/\/www.facebook.com\/leschipsdelucien\/\" \/>\n<meta property=\"article:modified_time\" content=\"2022-03-24T09:45:17+00:00\" \/>\n<meta property=\"og:image\" content=\"https:\/\/www.lucien.be\/wp-content\/uploads\/2021\/11\/les-chips-de-lucien-team-scaled.jpg\" \/>\n\t<meta property=\"og:image:width\" content=\"2560\" \/>\n\t<meta property=\"og:image:height\" content=\"1333\" \/>\n\t<meta property=\"og:image:type\" content=\"image\/jpeg\" \/>\n<meta name=\"twitter:card\" content=\"summary_large_image\" \/>\n<meta name=\"twitter:label1\" content=\"Est. reading time\" \/>\n\t<meta name=\"twitter:data1\" content=\"6 minutes\" \/>\n<script type=\"application\/ld+json\" class=\"yoast-schema-graph\">{\"@context\":\"https:\\\/\\\/schema.org\",\"@graph\":[{\"@type\":\"WebPage\",\"@id\":\"https:\\\/\\\/www.lucien.be\\\/en\\\/privacy\\\/\",\"url\":\"https:\\\/\\\/www.lucien.be\\\/en\\\/privacy\\\/\",\"name\":\"Privacy - Lucien\",\"isPartOf\":{\"@id\":\"https:\\\/\\\/www.lucien.be\\\/en\\\/#website\"},\"datePublished\":\"2022-03-24T09:44:56+00:00\",\"dateModified\":\"2022-03-24T09:45:17+00:00\",\"breadcrumb\":{\"@id\":\"https:\\\/\\\/www.lucien.be\\\/en\\\/privacy\\\/#breadcrumb\"},\"inLanguage\":\"en-US\",\"potentialAction\":[{\"@type\":\"ReadAction\",\"target\":[\"https:\\\/\\\/www.lucien.be\\\/en\\\/privacy\\\/\"]}]},{\"@type\":\"BreadcrumbList\",\"@id\":\"https:\\\/\\\/www.lucien.be\\\/en\\\/privacy\\\/#breadcrumb\",\"itemListElement\":[{\"@type\":\"ListItem\",\"position\":1,\"name\":\"Accueil\",\"item\":\"https:\\\/\\\/www.lucien.be\\\/en\\\/\"},{\"@type\":\"ListItem\",\"position\":2,\"name\":\"Privacy\"}]},{\"@type\":\"WebSite\",\"@id\":\"https:\\\/\\\/www.lucien.be\\\/en\\\/#website\",\"url\":\"https:\\\/\\\/www.lucien.be\\\/en\\\/\",\"name\":\"Lucien\",\"description\":\"Une chips belge, artisanale et familiale\",\"publisher\":{\"@id\":\"https:\\\/\\\/www.lucien.be\\\/en\\\/#organization\"},\"potentialAction\":[{\"@type\":\"SearchAction\",\"target\":{\"@type\":\"EntryPoint\",\"urlTemplate\":\"https:\\\/\\\/www.lucien.be\\\/en\\\/?s={search_term_string}\"},\"query-input\":{\"@type\":\"PropertyValueSpecification\",\"valueRequired\":true,\"valueName\":\"search_term_string\"}}],\"inLanguage\":\"en-US\"},{\"@type\":\"Organization\",\"@id\":\"https:\\\/\\\/www.lucien.be\\\/en\\\/#organization\",\"name\":\"Lucien\",\"url\":\"https:\\\/\\\/www.lucien.be\\\/en\\\/\",\"logo\":{\"@type\":\"ImageObject\",\"inLanguage\":\"en-US\",\"@id\":\"https:\\\/\\\/www.lucien.be\\\/en\\\/#\\\/schema\\\/logo\\\/image\\\/\",\"url\":\"https:\\\/\\\/www.lucien.be\\\/wp-content\\\/uploads\\\/2023\\\/01\\\/Logo-Lucien-NEW-PourSiteWeb.png\",\"contentUrl\":\"https:\\\/\\\/www.lucien.be\\\/wp-content\\\/uploads\\\/2023\\\/01\\\/Logo-Lucien-NEW-PourSiteWeb.png\",\"width\":1080,\"height\":1080,\"caption\":\"Lucien\"},\"image\":{\"@id\":\"https:\\\/\\\/www.lucien.be\\\/en\\\/#\\\/schema\\\/logo\\\/image\\\/\"},\"sameAs\":[\"https:\\\/\\\/www.facebook.com\\\/leschipsdelucien\\\/\",\"https:\\\/\\\/www.instagram.com\\\/leschipsdelucien\"]}]}<\/script>\n<!-- \/ Yoast SEO plugin. -->","yoast_head_json":{"title":"Privacy - Lucien","robots":{"index":"index","follow":"follow","max-snippet":"max-snippet:-1","max-image-preview":"max-image-preview:large","max-video-preview":"max-video-preview:-1"},"canonical":"https:\/\/www.lucien.be\/en\/privacy\/","og_locale":"en_US","og_type":"article","og_title":"Privacy - Lucien","og_description":"La soci\u00e9t\u00e9 Les chips de Lucien (ci-apr\u00e8s d\u00e9nomm\u00e9e \u00ab Les chips de Lucien \u00bb, \u00ab nous \u00bb ou \u00ab notre \u00bb) attache une grande importance \u00e0 la protection et au respect de votre vie priv\u00e9e. La pr\u00e9sente politique vise \u00e0 vous informer sur nos pratiques concernant la collecte, l\u2019utilisation et le partage des informations que &hellip; Continued","og_url":"https:\/\/www.lucien.be\/en\/privacy\/","og_site_name":"Lucien","article_publisher":"https:\/\/www.facebook.com\/leschipsdelucien\/","article_modified_time":"2022-03-24T09:45:17+00:00","og_image":[{"width":2560,"height":1333,"url":"https:\/\/www.lucien.be\/wp-content\/uploads\/2021\/11\/les-chips-de-lucien-team-scaled.jpg","type":"image\/jpeg"}],"twitter_card":"summary_large_image","twitter_misc":{"Est. reading time":"6 minutes"},"schema":{"@context":"https:\/\/schema.org","@graph":[{"@type":"WebPage","@id":"https:\/\/www.lucien.be\/en\/privacy\/","url":"https:\/\/www.lucien.be\/en\/privacy\/","name":"Privacy - Lucien","isPartOf":{"@id":"https:\/\/www.lucien.be\/en\/#website"},"datePublished":"2022-03-24T09:44:56+00:00","dateModified":"2022-03-24T09:45:17+00:00","breadcrumb":{"@id":"https:\/\/www.lucien.be\/en\/privacy\/#breadcrumb"},"inLanguage":"en-US","potentialAction":[{"@type":"ReadAction","target":["https:\/\/www.lucien.be\/en\/privacy\/"]}]},{"@type":"BreadcrumbList","@id":"https:\/\/www.lucien.be\/en\/privacy\/#breadcrumb","itemListElement":[{"@type":"ListItem","position":1,"name":"Accueil","item":"https:\/\/www.lucien.be\/en\/"},{"@type":"ListItem","position":2,"name":"Privacy"}]},{"@type":"WebSite","@id":"https:\/\/www.lucien.be\/en\/#website","url":"https:\/\/www.lucien.be\/en\/","name":"Lucien","description":"Une chips belge, artisanale et familiale","publisher":{"@id":"https:\/\/www.lucien.be\/en\/#organization"},"potentialAction":[{"@type":"SearchAction","target":{"@type":"EntryPoint","urlTemplate":"https:\/\/www.lucien.be\/en\/?s={search_term_string}"},"query-input":{"@type":"PropertyValueSpecification","valueRequired":true,"valueName":"search_term_string"}}],"inLanguage":"en-US"},{"@type":"Organization","@id":"https:\/\/www.lucien.be\/en\/#organization","name":"Lucien","url":"https:\/\/www.lucien.be\/en\/","logo":{"@type":"ImageObject","inLanguage":"en-US","@id":"https:\/\/www.lucien.be\/en\/#\/schema\/logo\/image\/","url":"https:\/\/www.lucien.be\/wp-content\/uploads\/2023\/01\/Logo-Lucien-NEW-PourSiteWeb.png","contentUrl":"https:\/\/www.lucien.be\/wp-content\/uploads\/2023\/01\/Logo-Lucien-NEW-PourSiteWeb.png","width":1080,"height":1080,"caption":"Lucien"},"image":{"@id":"https:\/\/www.lucien.be\/en\/#\/schema\/logo\/image\/"},"sameAs":["https:\/\/www.facebook.com\/leschipsdelucien\/","https:\/\/www.instagram.com\/leschipsdelucien"]}]}},"_links":{"self":[{"href":"https:\/\/www.lucien.be\/en\/wp-json\/wp\/v2\/pages\/215","targetHints":{"allow":["GET"]}}],"collection":[{"href":"https:\/\/www.lucien.be\/en\/wp-json\/wp\/v2\/pages"}],"about":[{"href":"https:\/\/www.lucien.be\/en\/wp-json\/wp\/v2\/types\/page"}],"author":[{"embeddable":true,"href":"https:\/\/www.lucien.be\/en\/wp-json\/wp\/v2\/users\/1"}],"replies":[{"embeddable":true,"href":"https:\/\/www.lucien.be\/en\/wp-json\/wp\/v2\/comments?post=215"}],"version-history":[{"count":2,"href":"https:\/\/www.lucien.be\/en\/wp-json\/wp\/v2\/pages\/215\/revisions"}],"predecessor-version":[{"id":217,"href":"https:\/\/www.lucien.be\/en\/wp-json\/wp\/v2\/pages\/215\/revisions\/217"}],"wp:attachment":[{"href":"https:\/\/www.lucien.be\/en\/wp-json\/wp\/v2\/media?parent=215"}],"curies":[{"name":"wp","href":"https:\/\/api.w.org\/{rel}","templated":true}]}}